{"id":6226,"date":"2022-11-25T16:12:27","date_gmt":"2022-11-25T14:12:27","guid":{"rendered":"https:\/\/arcadahallen.fi\/idrottstestning"},"modified":"2025-10-10T12:05:08","modified_gmt":"2025-10-10T09:05:08","slug":"urheilija-ja-kuntotestaus","status":"publish","type":"page","link":"https:\/\/arcadahallen.fi\/fi\/palvelut\/urheilija-ja-kuntotestaus","title":{"rendered":"Urheilija- ja kuntotestaus"},"content":{"rendered":"[vc_row type=&#8221;full_width_background&#8221; full_screen_row_position=&#8221;middle&#8221; column_margin=&#8221;default&#8221; column_direction=&#8221;default&#8221; column_direction_tablet=&#8221;default&#8221; column_direction_phone=&#8221;default&#8221; bg_color=&#8221;#dbf0e1&#8243; bg_image=&#8221;5991&#8243; bg_position=&#8221;center center&#8221; background_image_loading=&#8221;default&#8221; bg_repeat=&#8221;no-repeat&#8221; scene_position=&#8221;center&#8221; top_padding=&#8221;15%&#8221; bottom_padding=&#8221;10%&#8221; bottom_padding_tablet=&#8221;15%&#8221; bottom_padding_phone=&#8221;20%&#8221; text_color=&#8221;dark&#8221; text_align=&#8221;left&#8221; row_border_radius=&#8221;none&#8221; row_border_radius_applies=&#8221;bg&#8221; overflow=&#8221;visible&#8221; advanced_gradient=&#8221;radial-gradient(circle at center, rgba(0,0,0,0.4) 19%, rgba(0,0,0,0.277) 83%)&#8221; shape_divider_position=&#8221;bottom&#8221; bg_image_animation=&#8221;none&#8221; gradient_type=&#8221;advanced&#8221; shape_type=&#8221;&#8221; advanced_gradient_display_type=&#8221;radial&#8221;][vc_column column_padding=&#8221;no-extra-padding&#8221; column_padding_tablet=&#8221;inherit&#8221; column_padding_phone=&#8221;inherit&#8221; column_padding_position=&#8221;all&#8221; column_element_direction_desktop=&#8221;default&#8221; column_element_spacing=&#8221;default&#8221; centered_text=&#8221;true&#8221; desktop_text_alignment=&#8221;default&#8221; tablet_text_alignment=&#8221;default&#8221; phone_text_alignment=&#8221;default&#8221; background_color_opacity=&#8221;1&#8243; background_hover_color_opacity=&#8221;1&#8243; column_backdrop_filter=&#8221;none&#8221; column_shadow=&#8221;none&#8221; column_border_radius=&#8221;none&#8221; column_link_target=&#8221;_self&#8221; column_position=&#8221;default&#8221; advanced_gradient_angle=&#8221;0&#8243; gradient_direction=&#8221;left_to_right&#8221; overlay_strength=&#8221;0.3&#8243; width=&#8221;1\/1&#8243; tablet_width_inherit=&#8221;default&#8221; animation_type=&#8221;default&#8221; bg_image_animation=&#8221;none&#8221; border_type=&#8221;simple&#8221; column_border_width=&#8221;none&#8221; column_border_style=&#8221;solid&#8221; gradient_type=&#8221;default&#8221;][vc_custom_heading text=&#8221;Urheilija- ja kuntotestaus&#8221; font_container=&#8221;tag:h1|font_size:80|text_align:center|color:%23ffffff&#8221; use_theme_fonts=&#8221;yes&#8221;][\/vc_column][\/vc_row][vc_row type=&#8221;in_container&#8221; full_screen_row_position=&#8221;middle&#8221; column_margin=&#8221;60px&#8221; column_direction=&#8221;default&#8221; column_direction_tablet=&#8221;default&#8221; column_direction_phone=&#8221;default&#8221; scene_position=&#8221;center&#8221; top_padding=&#8221;5%&#8221; bottom_padding=&#8221;2%&#8221; top_padding_tablet=&#8221;8%&#8221; constrain_group_3=&#8221;yes&#8221; bottom_padding_tablet=&#8221;8%&#8221; top_padding_phone=&#8221;10%&#8221; constrain_group_5=&#8221;yes&#8221; bottom_padding_phone=&#8221;10%&#8221; text_color=&#8221;dark&#8221; text_align=&#8221;left&#8221; row_border_radius=&#8221;none&#8221; row_border_radius_applies=&#8221;bg&#8221; overflow=&#8221;visible&#8221; overlay_strength=&#8221;0.3&#8243; gradient_direction=&#8221;left_to_right&#8221; shape_divider_position=&#8221;bottom&#8221; bg_image_animation=&#8221;none&#8221; gradient_type=&#8221;default&#8221; shape_type=&#8221;&#8221;][vc_column column_padding=&#8221;padding-3-percent&#8221; column_padding_tablet=&#8221;inherit&#8221; column_padding_phone=&#8221;inherit&#8221; column_padding_position=&#8221;left&#8221; column_element_direction_desktop=&#8221;default&#8221; column_element_spacing=&#8221;default&#8221; desktop_text_alignment=&#8221;default&#8221; tablet_text_alignment=&#8221;default&#8221; phone_text_alignment=&#8221;default&#8221; background_color_opacity=&#8221;1&#8243; background_hover_color_opacity=&#8221;1&#8243; column_backdrop_filter=&#8221;none&#8221; column_shadow=&#8221;none&#8221; column_border_radius=&#8221;none&#8221; column_link_target=&#8221;_self&#8221; max_width_desktop=&#8221;900&#8243; column_position=&#8221;default&#8221; gradient_direction=&#8221;left_to_right&#8221; overlay_strength=&#8221;0.3&#8243; width=&#8221;1\/2&#8243; tablet_width_inherit=&#8221;default&#8221; animation_type=&#8221;default&#8221; bg_image_animation=&#8221;none&#8221; border_type=&#8221;simple&#8221; column_border_width=&#8221;none&#8221; column_border_style=&#8221;solid&#8221; column_padding_type=&#8221;default&#8221; gradient_type=&#8221;default&#8221;][vc_custom_heading text=&#8221;Korkeatasoiset urheilutestit&#8221; font_container=&#8221;tag:h3|text_align:left&#8221; use_theme_fonts=&#8221;yes&#8221;][divider line_type=&#8221;No Line&#8221; custom_height=&#8221;10&#8243;][vc_column_text]Arcadalla on moderni ja laadukas kuntotestausasema l\u00e4hell\u00e4 Helsingin keskustaa. Testivalikoima on laaja ja yksitt\u00e4iset testit voidaan r\u00e4\u00e4t\u00e4l\u00f6id\u00e4 asiakkaan tarpeiden mukaan. Testit toteutetaan asiantuntijoiden valvonnassa.<\/p>\n<p>Testitarjontaan kuuluvat <strong>kest\u00e4vyystestit<\/strong> juoksumatolla tai polkupy\u00f6r\u00e4ergometrilla, <strong>lihaskuntotestit<\/strong>, <strong>kehonkoostumuksen mittaus<\/strong> ja <strong>nopeusvoimatestit<\/strong>.<\/p>\n<p>Asiakas saa jokaisesta testeist\u00e4 yksityiskohtaisen ja henkil\u00f6kohtaisen palautteen viitearvoineen.[\/vc_column_text][divider line_type=&#8221;No Line&#8221; custom_height=&#8221;10&#8243;][vc_custom_heading text=&#8221;Kest\u00e4vyystestit&#8221; font_container=&#8221;tag:h3|text_align:left&#8221; use_theme_fonts=&#8221;yes&#8221;][divider line_type=&#8221;No Line&#8221; custom_height=&#8221;10&#8243;][vc_column_text]Kest\u00e4vyystestin voi tehd\u00e4 joko polkupy\u00f6r\u00e4ergometrilla tai juoksumatolla.<\/p>\n<p><strong>Testipaketit rakennetaan urheilijan tarpeiden mukaan. Testi suoritetaan Arcadahallenissa, ellei toisin mainita.<\/strong>[\/vc_column_text][\/vc_column][vc_column column_padding=&#8221;no-extra-padding&#8221; column_padding_tablet=&#8221;inherit&#8221; column_padding_phone=&#8221;inherit&#8221; column_padding_position=&#8221;all&#8221; column_element_direction_desktop=&#8221;default&#8221; column_element_spacing=&#8221;default&#8221; desktop_text_alignment=&#8221;default&#8221; tablet_text_alignment=&#8221;default&#8221; phone_text_alignment=&#8221;default&#8221; background_color_opacity=&#8221;1&#8243; background_hover_color_opacity=&#8221;1&#8243; column_backdrop_filter=&#8221;none&#8221; column_shadow=&#8221;none&#8221; column_border_radius=&#8221;none&#8221; column_link_target=&#8221;_self&#8221; column_position=&#8221;default&#8221; gradient_direction=&#8221;left_to_right&#8221; overlay_strength=&#8221;0.3&#8243; width=&#8221;1\/2&#8243; tablet_width_inherit=&#8221;default&#8221; animation_type=&#8221;default&#8221; bg_image_animation=&#8221;none&#8221; border_type=&#8221;simple&#8221; column_border_width=&#8221;none&#8221; column_border_style=&#8221;solid&#8221; column_padding_type=&#8221;default&#8221; gradient_type=&#8221;default&#8221;][vc_row_inner column_margin=&#8221;default&#8221; column_direction=&#8221;default&#8221; column_direction_tablet=&#8221;default&#8221; column_direction_phone=&#8221;default&#8221; text_align=&#8221;left&#8221; row_position=&#8221;default&#8221; row_position_tablet=&#8221;inherit&#8221; row_position_phone=&#8221;inherit&#8221; overflow=&#8221;visible&#8221; pointer_events=&#8221;all&#8221;][vc_column_inner column_padding=&#8221;padding-7-percent&#8221; column_padding_tablet=&#8221;inherit&#8221; column_padding_phone=&#8221;inherit&#8221; column_padding_position=&#8221;all&#8221; column_element_direction_desktop=&#8221;default&#8221; column_element_spacing=&#8221;default&#8221; desktop_text_alignment=&#8221;default&#8221; tablet_text_alignment=&#8221;default&#8221; phone_text_alignment=&#8221;default&#8221; background_color=&#8221;#dbf0e1&#8243; background_color_opacity=&#8221;1&#8243; background_hover_color_opacity=&#8221;1&#8243; column_backdrop_filter=&#8221;none&#8221; column_shadow=&#8221;none&#8221; column_border_radius=&#8221;10px&#8221; column_link_target=&#8221;_self&#8221; overflow=&#8221;visible&#8221; gradient_direction=&#8221;left_to_right&#8221; overlay_strength=&#8221;0.3&#8243; width=&#8221;1\/1&#8243; tablet_width_inherit=&#8221;default&#8221; animation_type=&#8221;default&#8221; bg_image_animation=&#8221;none&#8221; border_type=&#8221;simple&#8221; column_border_width=&#8221;none&#8221; column_border_style=&#8221;solid&#8221; column_padding_type=&#8221;default&#8221; gradient_type=&#8221;default&#8221;][vc_custom_heading text=&#8221;Varaa aika!&#8221; font_container=&#8221;tag:h3|text_align:left&#8221; use_theme_fonts=&#8221;yes&#8221;][vc_column_text css=&#8221;&#8221; text_direction=&#8221;default&#8221;]<strong>HUOM! T\u00e4ll\u00e4 hetkell\u00e4 ei ole mahdollista varata aika kuntotestiin.\u00a0<\/strong><\/p>\n[\/vc_column_text][\/vc_column_inner][\/vc_row_inner][image_with_animation image_url=&#8221;5991&#8243; image_size=&#8221;full&#8221; max_width=&#8221;100%&#8221; max_width_mobile=&#8221;default&#8221; animation_type=&#8221;entrance&#8221; animation=&#8221;None&#8221; animation_movement_type=&#8221;transform_x&#8221; animation_movement_intensity=&#8221;1&#8243; hover_animation=&#8221;none&#8221; alignment=&#8221;&#8221; border_radius=&#8221;none&#8221; box_shadow=&#8221;none&#8221; image_loading=&#8221;default&#8221;][\/vc_column][\/vc_row][vc_row type=&#8221;in_container&#8221; full_screen_row_position=&#8221;middle&#8221; column_margin=&#8221;60px&#8221; equal_height=&#8221;yes&#8221; column_direction=&#8221;default&#8221; column_direction_tablet=&#8221;default&#8221; column_direction_phone=&#8221;default&#8221; scene_position=&#8221;center&#8221; bottom_padding=&#8221;3%&#8221; text_color=&#8221;dark&#8221; text_align=&#8221;left&#8221; row_border_radius=&#8221;none&#8221; row_border_radius_applies=&#8221;bg&#8221; overflow=&#8221;visible&#8221; overlay_strength=&#8221;0.3&#8243; gradient_direction=&#8221;left_to_right&#8221; shape_divider_position=&#8221;bottom&#8221; bg_image_animation=&#8221;none&#8221; gradient_type=&#8221;default&#8221; shape_type=&#8221;&#8221;][vc_column column_padding=&#8221;padding-3-percent&#8221; column_padding_tablet=&#8221;padding-4-percent&#8221; column_padding_phone=&#8221;padding-4-percent&#8221; column_padding_position=&#8221;all&#8221; column_element_direction_desktop=&#8221;default&#8221; column_element_spacing=&#8221;default&#8221; desktop_text_alignment=&#8221;default&#8221; tablet_text_alignment=&#8221;default&#8221; phone_text_alignment=&#8221;default&#8221; background_color=&#8221;#4cb56b&#8221; background_color_opacity=&#8221;1&#8243; background_hover_color_opacity=&#8221;1&#8243; column_backdrop_filter=&#8221;none&#8221; font_color=&#8221;#ffffff&#8221; column_shadow=&#8221;none&#8221; column_border_radius=&#8221;10px&#8221; column_link_target=&#8221;_self&#8221; column_position=&#8221;default&#8221; gradient_direction=&#8221;left_to_right&#8221; overlay_strength=&#8221;0.3&#8243; width=&#8221;1\/2&#8243; tablet_width_inherit=&#8221;default&#8221; animation_type=&#8221;default&#8221; bg_image_animation=&#8221;none&#8221; border_type=&#8221;simple&#8221; column_border_width=&#8221;none&#8221; column_border_style=&#8221;solid&#8221; column_padding_type=&#8221;default&#8221; gradient_type=&#8221;default&#8221;][vc_column_text]<strong>Suora hapenottokyvyn testi:<\/strong>[\/vc_column_text]<div class=\"nectar-fancy-ul\" data-list-icon=\"icon-salient-check\" data-animation=\"false\" data-animation-delay=\"0\" data-color=\"extra-color-2\" data-spacing=\"10px\" data-alignment=\"left\"> \n<ul>\n<li>Hengityskaasujen ja ventilaation breath-by-breath mittaus<\/li>\n<li>Laktaattimittaus<\/li>\n<li>Sykkeen mittaus<\/li>\n<li>Testin voi suorittaa maksimaalisena (eli uupumukseen) tai submaksimaalisena (lopetetaan hieman ennen uupumista)<\/li>\n<li>Nopeuden lis\u00e4ys tai kulman nosto<\/li>\n<\/ul>\n <\/div>[vc_column_text]<strong>Hapenottokyvyn testist\u00e4 saat:<\/strong>[\/vc_column_text]<div class=\"nectar-fancy-ul\" data-list-icon=\"icon-salient-check\" data-animation=\"false\" data-animation-delay=\"0\" data-color=\"extra-color-2\" data-spacing=\"10px\" data-alignment=\"left\"> \n<ul>\n<li>VO2max<\/li>\n<li>Harjoitusalueet<\/li>\n<li>Aerobinen ja anaerobinen kynnys<\/li>\n<li>Laktaatin poistonopeus<\/li>\n<\/ul>\n <\/div>[\/vc_column][vc_column column_padding=&#8221;padding-3-percent&#8221; column_padding_tablet=&#8221;padding-4-percent&#8221; column_padding_phone=&#8221;padding-4-percent&#8221; column_padding_position=&#8221;all&#8221; column_element_direction_desktop=&#8221;default&#8221; column_element_spacing=&#8221;default&#8221; desktop_text_alignment=&#8221;default&#8221; tablet_text_alignment=&#8221;default&#8221; phone_text_alignment=&#8221;default&#8221; background_color=&#8221;#4cb56b&#8221; background_color_opacity=&#8221;1&#8243; background_hover_color_opacity=&#8221;1&#8243; column_backdrop_filter=&#8221;none&#8221; font_color=&#8221;#ffffff&#8221; column_shadow=&#8221;none&#8221; column_border_radius=&#8221;10px&#8221; column_link_target=&#8221;_self&#8221; column_position=&#8221;default&#8221; gradient_direction=&#8221;left_to_right&#8221; overlay_strength=&#8221;0.3&#8243; width=&#8221;1\/2&#8243; tablet_width_inherit=&#8221;default&#8221; animation_type=&#8221;default&#8221; bg_image_animation=&#8221;none&#8221; border_type=&#8221;simple&#8221; column_border_width=&#8221;none&#8221; column_border_style=&#8221;solid&#8221; column_padding_type=&#8221;default&#8221; gradient_type=&#8221;default&#8221;][vc_column_text]<strong>Muut testit:<\/strong>[\/vc_column_text]<div class=\"nectar-fancy-ul\" data-list-icon=\"icon-salient-check\" data-animation=\"false\" data-animation-delay=\"0\" data-color=\"extra-color-2\" data-spacing=\"10px\" data-alignment=\"left\"> \n<ul>\n<li>Lihaskuntotestit<\/li>\n<li>Testit, jotka mittaavat lihaskest\u00e4vyytt\u00e4: k\u00e4det, jalat ja keskivartalo.<\/li>\n<li>Nopeusvoimatestit<\/li>\n<li>Testit valomatolla \u2013 esim. kevennys- ja staattinen hyppy.<\/li>\n<li>Antropometri<\/li>\n<li>Kehonkoostumuksen mittaus, (InBody 720, ihopoimumittaus)<\/li>\n<\/ul>\n <\/div>[\/vc_column][\/vc_row]\n","protected":false},"excerpt":{"rendered":"<p>[vc_row type=&#8221;full_width_background&#8221; full_screen_row_position=&#8221;middle&#8221; column_margin=&#8221;default&#8221; column_direction=&#8221;default&#8221; column_direction_tablet=&#8221;default&#8221; column_direction_phone=&#8221;default&#8221; bg_color=&#8221;#dbf0e1&#8243; bg_image=&#8221;5991&#8243; bg_position=&#8221;center center&#8221; background_image_loading=&#8221;default&#8221; bg_repeat=&#8221;no-repeat&#8221; scene_position=&#8221;center&#8221; top_padding=&#8221;15%&#8221; bottom_padding=&#8221;10%&#8221; bottom_padding_tablet=&#8221;15%&#8221; bottom_padding_phone=&#8221;20%&#8221; text_color=&#8221;dark&#8221; text_align=&#8221;left&#8221; row_border_radius=&#8221;none&#8221; row_border_radius_applies=&#8221;bg&#8221; overflow=&#8221;visible&#8221; advanced_gradient=&#8221;radial-gradient(circle at center, rgba(0,0,0,0.4) 19%, rgba(0,0,0,0.277) 83%)&#8221;&#8230;<\/p>\n","protected":false},"author":1,"featured_media":0,"parent":6222,"menu_order":0,"comment_status":"closed","ping_status":"closed","template":"","meta":{"footnotes":""},"class_list":["post-6226","page","type-page","status-publish"],"yoast_head":"<!-- This site is optimized with the Yoast SEO plugin v27.3 - https:\/\/yoast.com\/product\/yoast-seo-wordpress\/ -->\n<title>Urheilija- ja kuntotestaus | Arcadahallen<\/title>\n<meta name=\"robots\" content=\"index, follow, max-snippet:-1, max-image-preview:large, max-video-preview:-1\" \/>\n<link rel=\"canonical\" href=\"https:\/\/arcadahallen.fi\/fi\/palvelut\/urheilija-ja-kuntotestaus\" \/>\n<meta property=\"og:locale\" content=\"fi_FI\" \/>\n<meta property=\"og:type\" content=\"article\" \/>\n<meta property=\"og:title\" content=\"Urheilija- ja kuntotestaus | Arcadahallen\" \/>\n<meta property=\"og:description\" content=\"[vc_row type=&#8221;full_width_background&#8221; full_screen_row_position=&#8221;middle&#8221; column_margin=&#8221;default&#8221; column_direction=&#8221;default&#8221; column_direction_tablet=&#8221;default&#8221; column_direction_phone=&#8221;default&#8221; bg_color=&#8221;#dbf0e1&#8243; bg_image=&#8221;5991&#8243; bg_position=&#8221;center center&#8221; background_image_loading=&#8221;default&#8221; bg_repeat=&#8221;no-repeat&#8221; scene_position=&#8221;center&#8221; top_padding=&#8221;15%&#8221; bottom_padding=&#8221;10%&#8221; bottom_padding_tablet=&#8221;15%&#8221; bottom_padding_phone=&#8221;20%&#8221; text_color=&#8221;dark&#8221; text_align=&#8221;left&#8221; row_border_radius=&#8221;none&#8221; row_border_radius_applies=&#8221;bg&#8221; overflow=&#8221;visible&#8221; advanced_gradient=&#8221;radial-gradient(circle at center, rgba(0,0,0,0.4) 19%, rgba(0,0,0,0.277) 83%)&#8221;...\" \/>\n<meta property=\"og:url\" content=\"https:\/\/arcadahallen.fi\/fi\/palvelut\/urheilija-ja-kuntotestaus\" \/>\n<meta property=\"og:site_name\" content=\"Arcadahallen\" \/>\n<meta property=\"article:modified_time\" content=\"2025-10-10T09:05:08+00:00\" \/>\n<meta name=\"twitter:card\" content=\"summary_large_image\" \/>\n<meta name=\"twitter:label1\" content=\"Arvioitu lukuaika\" \/>\n\t<meta name=\"twitter:data1\" content=\"2 minuuttia\" \/>\n<script type=\"application\/ld+json\" class=\"yoast-schema-graph\">{\"@context\":\"https:\\\/\\\/schema.org\",\"@graph\":[{\"@type\":\"WebPage\",\"@id\":\"https:\\\/\\\/arcadahallen.fi\\\/fi\\\/palvelut\\\/urheilija-ja-kuntotestaus\",\"url\":\"https:\\\/\\\/arcadahallen.fi\\\/fi\\\/palvelut\\\/urheilija-ja-kuntotestaus\",\"name\":\"Urheilija- ja kuntotestaus | Arcadahallen\",\"isPartOf\":{\"@id\":\"https:\\\/\\\/arcadahallen.fi\\\/en\\\/#website\"},\"datePublished\":\"2022-11-25T14:12:27+00:00\",\"dateModified\":\"2025-10-10T09:05:08+00:00\",\"breadcrumb\":{\"@id\":\"https:\\\/\\\/arcadahallen.fi\\\/fi\\\/palvelut\\\/urheilija-ja-kuntotestaus#breadcrumb\"},\"inLanguage\":\"fi\",\"potentialAction\":[{\"@type\":\"ReadAction\",\"target\":[\"https:\\\/\\\/arcadahallen.fi\\\/fi\\\/palvelut\\\/urheilija-ja-kuntotestaus\"]}]},{\"@type\":\"BreadcrumbList\",\"@id\":\"https:\\\/\\\/arcadahallen.fi\\\/fi\\\/palvelut\\\/urheilija-ja-kuntotestaus#breadcrumb\",\"itemListElement\":[{\"@type\":\"ListItem\",\"position\":1,\"name\":\"Hem\",\"item\":\"https:\\\/\\\/arcadahallen.fi\\\/fi\\\/etusivu\"},{\"@type\":\"ListItem\",\"position\":2,\"name\":\"Palvelut\",\"item\":\"https:\\\/\\\/arcadahallen.fi\\\/fi\\\/palvelut\"},{\"@type\":\"ListItem\",\"position\":3,\"name\":\"Urheilija- ja kuntotestaus\"}]},{\"@type\":\"WebSite\",\"@id\":\"https:\\\/\\\/arcadahallen.fi\\\/en\\\/#website\",\"url\":\"https:\\\/\\\/arcadahallen.fi\\\/en\\\/\",\"name\":\"Arcadahallen\",\"description\":\"\",\"publisher\":{\"@id\":\"https:\\\/\\\/arcadahallen.fi\\\/en\\\/#organization\"},\"potentialAction\":[{\"@type\":\"SearchAction\",\"target\":{\"@type\":\"EntryPoint\",\"urlTemplate\":\"https:\\\/\\\/arcadahallen.fi\\\/en\\\/?s={search_term_string}\"},\"query-input\":{\"@type\":\"PropertyValueSpecification\",\"valueRequired\":true,\"valueName\":\"search_term_string\"}}],\"inLanguage\":\"fi\"},{\"@type\":\"Organization\",\"@id\":\"https:\\\/\\\/arcadahallen.fi\\\/en\\\/#organization\",\"name\":\"Arcadahallen\",\"url\":\"https:\\\/\\\/arcadahallen.fi\\\/en\\\/\",\"logo\":{\"@type\":\"ImageObject\",\"inLanguage\":\"fi\",\"@id\":\"https:\\\/\\\/arcadahallen.fi\\\/en\\\/#\\\/schema\\\/logo\\\/image\\\/\",\"url\":\"https:\\\/\\\/arcadahallen.fi\\\/wp-content\\\/uploads\\\/2023\\\/02\\\/Arcadahallen_logo_1000px.png\",\"contentUrl\":\"https:\\\/\\\/arcadahallen.fi\\\/wp-content\\\/uploads\\\/2023\\\/02\\\/Arcadahallen_logo_1000px.png\",\"width\":1000,\"height\":1000,\"caption\":\"Arcadahallen\"},\"image\":{\"@id\":\"https:\\\/\\\/arcadahallen.fi\\\/en\\\/#\\\/schema\\\/logo\\\/image\\\/\"}}]}<\/script>\n<!-- \/ Yoast SEO plugin. -->","yoast_head_json":{"title":"Urheilija- ja kuntotestaus | Arcadahallen","robots":{"index":"index","follow":"follow","max-snippet":"max-snippet:-1","max-image-preview":"max-image-preview:large","max-video-preview":"max-video-preview:-1"},"canonical":"https:\/\/arcadahallen.fi\/fi\/palvelut\/urheilija-ja-kuntotestaus","og_locale":"fi_FI","og_type":"article","og_title":"Urheilija- ja kuntotestaus | Arcadahallen","og_description":"[vc_row type=&#8221;full_width_background&#8221; full_screen_row_position=&#8221;middle&#8221; column_margin=&#8221;default&#8221; column_direction=&#8221;default&#8221; column_direction_tablet=&#8221;default&#8221; column_direction_phone=&#8221;default&#8221; bg_color=&#8221;#dbf0e1&#8243; bg_image=&#8221;5991&#8243; bg_position=&#8221;center center&#8221; background_image_loading=&#8221;default&#8221; bg_repeat=&#8221;no-repeat&#8221; scene_position=&#8221;center&#8221; top_padding=&#8221;15%&#8221; bottom_padding=&#8221;10%&#8221; bottom_padding_tablet=&#8221;15%&#8221; bottom_padding_phone=&#8221;20%&#8221; text_color=&#8221;dark&#8221; text_align=&#8221;left&#8221; row_border_radius=&#8221;none&#8221; row_border_radius_applies=&#8221;bg&#8221; overflow=&#8221;visible&#8221; advanced_gradient=&#8221;radial-gradient(circle at center, rgba(0,0,0,0.4) 19%, rgba(0,0,0,0.277) 83%)&#8221;...","og_url":"https:\/\/arcadahallen.fi\/fi\/palvelut\/urheilija-ja-kuntotestaus","og_site_name":"Arcadahallen","article_modified_time":"2025-10-10T09:05:08+00:00","twitter_card":"summary_large_image","twitter_misc":{"Arvioitu lukuaika":"2 minuuttia"},"schema":{"@context":"https:\/\/schema.org","@graph":[{"@type":"WebPage","@id":"https:\/\/arcadahallen.fi\/fi\/palvelut\/urheilija-ja-kuntotestaus","url":"https:\/\/arcadahallen.fi\/fi\/palvelut\/urheilija-ja-kuntotestaus","name":"Urheilija- ja kuntotestaus | Arcadahallen","isPartOf":{"@id":"https:\/\/arcadahallen.fi\/en\/#website"},"datePublished":"2022-11-25T14:12:27+00:00","dateModified":"2025-10-10T09:05:08+00:00","breadcrumb":{"@id":"https:\/\/arcadahallen.fi\/fi\/palvelut\/urheilija-ja-kuntotestaus#breadcrumb"},"inLanguage":"fi","potentialAction":[{"@type":"ReadAction","target":["https:\/\/arcadahallen.fi\/fi\/palvelut\/urheilija-ja-kuntotestaus"]}]},{"@type":"BreadcrumbList","@id":"https:\/\/arcadahallen.fi\/fi\/palvelut\/urheilija-ja-kuntotestaus#breadcrumb","itemListElement":[{"@type":"ListItem","position":1,"name":"Hem","item":"https:\/\/arcadahallen.fi\/fi\/etusivu"},{"@type":"ListItem","position":2,"name":"Palvelut","item":"https:\/\/arcadahallen.fi\/fi\/palvelut"},{"@type":"ListItem","position":3,"name":"Urheilija- ja kuntotestaus"}]},{"@type":"WebSite","@id":"https:\/\/arcadahallen.fi\/en\/#website","url":"https:\/\/arcadahallen.fi\/en\/","name":"Arcadahallen","description":"","publisher":{"@id":"https:\/\/arcadahallen.fi\/en\/#organization"},"potentialAction":[{"@type":"SearchAction","target":{"@type":"EntryPoint","urlTemplate":"https:\/\/arcadahallen.fi\/en\/?s={search_term_string}"},"query-input":{"@type":"PropertyValueSpecification","valueRequired":true,"valueName":"search_term_string"}}],"inLanguage":"fi"},{"@type":"Organization","@id":"https:\/\/arcadahallen.fi\/en\/#organization","name":"Arcadahallen","url":"https:\/\/arcadahallen.fi\/en\/","logo":{"@type":"ImageObject","inLanguage":"fi","@id":"https:\/\/arcadahallen.fi\/en\/#\/schema\/logo\/image\/","url":"https:\/\/arcadahallen.fi\/wp-content\/uploads\/2023\/02\/Arcadahallen_logo_1000px.png","contentUrl":"https:\/\/arcadahallen.fi\/wp-content\/uploads\/2023\/02\/Arcadahallen_logo_1000px.png","width":1000,"height":1000,"caption":"Arcadahallen"},"image":{"@id":"https:\/\/arcadahallen.fi\/en\/#\/schema\/logo\/image\/"}}]}},"_links":{"self":[{"href":"https:\/\/arcadahallen.fi\/fi\/wp-json\/wp\/v2\/pages\/6226","targetHints":{"allow":["GET"]}}],"collection":[{"href":"https:\/\/arcadahallen.fi\/fi\/wp-json\/wp\/v2\/pages"}],"about":[{"href":"https:\/\/arcadahallen.fi\/fi\/wp-json\/wp\/v2\/types\/page"}],"author":[{"embeddable":true,"href":"https:\/\/arcadahallen.fi\/fi\/wp-json\/wp\/v2\/users\/1"}],"replies":[{"embeddable":true,"href":"https:\/\/arcadahallen.fi\/fi\/wp-json\/wp\/v2\/comments?post=6226"}],"version-history":[{"count":6,"href":"https:\/\/arcadahallen.fi\/fi\/wp-json\/wp\/v2\/pages\/6226\/revisions"}],"predecessor-version":[{"id":6568,"href":"https:\/\/arcadahallen.fi\/fi\/wp-json\/wp\/v2\/pages\/6226\/revisions\/6568"}],"up":[{"embeddable":true,"href":"https:\/\/arcadahallen.fi\/fi\/wp-json\/wp\/v2\/pages\/6222"}],"wp:attachment":[{"href":"https:\/\/arcadahallen.fi\/fi\/wp-json\/wp\/v2\/media?parent=6226"}],"curies":[{"name":"wp","href":"https:\/\/api.w.org\/{rel}","templated":true}]}}