{"id":6229,"date":"2022-11-24T12:42:44","date_gmt":"2022-11-24T10:42:44","guid":{"rendered":"https:\/\/arcadahallen.fi\/bollhall-gymnastiksal"},"modified":"2023-02-27T09:59:41","modified_gmt":"2023-02-27T07:59:41","slug":"pallokentta-voimistelusali","status":"publish","type":"page","link":"https:\/\/arcadahallen.fi\/fi\/palvelut\/pallokentta-voimistelusali","title":{"rendered":"Pallokentt\u00e4 \/ voimistelusali"},"content":{"rendered":"[vc_row type=&#8221;full_width_background&#8221; full_screen_row_position=&#8221;middle&#8221; column_margin=&#8221;default&#8221; column_direction=&#8221;default&#8221; column_direction_tablet=&#8221;default&#8221; column_direction_phone=&#8221;default&#8221; bg_color=&#8221;#dbf0e1&#8243; bg_image=&#8221;5859&#8243; bg_position=&#8221;center center&#8221; background_image_loading=&#8221;default&#8221; bg_repeat=&#8221;no-repeat&#8221; scene_position=&#8221;center&#8221; top_padding=&#8221;15%&#8221; bottom_padding=&#8221;10%&#8221; bottom_padding_tablet=&#8221;15%&#8221; bottom_padding_phone=&#8221;20%&#8221; text_color=&#8221;dark&#8221; text_align=&#8221;left&#8221; row_border_radius=&#8221;none&#8221; row_border_radius_applies=&#8221;bg&#8221; overflow=&#8221;visible&#8221; advanced_gradient=&#8221;radial-gradient(circle at center, rgba(0,0,0,0.4) 19%, rgba(0,0,0,0.277) 83%)&#8221; shape_divider_position=&#8221;bottom&#8221; bg_image_animation=&#8221;none&#8221; gradient_type=&#8221;advanced&#8221; shape_type=&#8221;&#8221; advanced_gradient_display_type=&#8221;radial&#8221;][vc_column column_padding=&#8221;no-extra-padding&#8221; column_padding_tablet=&#8221;inherit&#8221; column_padding_phone=&#8221;inherit&#8221; column_padding_position=&#8221;all&#8221; column_element_direction_desktop=&#8221;default&#8221; column_element_spacing=&#8221;default&#8221; centered_text=&#8221;true&#8221; desktop_text_alignment=&#8221;default&#8221; tablet_text_alignment=&#8221;default&#8221; phone_text_alignment=&#8221;default&#8221; background_color_opacity=&#8221;1&#8243; background_hover_color_opacity=&#8221;1&#8243; column_backdrop_filter=&#8221;none&#8221; column_shadow=&#8221;none&#8221; column_border_radius=&#8221;none&#8221; column_link_target=&#8221;_self&#8221; column_position=&#8221;default&#8221; advanced_gradient_angle=&#8221;0&#8243; gradient_direction=&#8221;left_to_right&#8221; overlay_strength=&#8221;0.3&#8243; width=&#8221;1\/1&#8243; tablet_width_inherit=&#8221;default&#8221; animation_type=&#8221;default&#8221; bg_image_animation=&#8221;none&#8221; border_type=&#8221;simple&#8221; column_border_width=&#8221;none&#8221; column_border_style=&#8221;solid&#8221; gradient_type=&#8221;default&#8221;][vc_custom_heading text=&#8221;Pallokentt\u00e4 \/ voimistelusali&#8221; font_container=&#8221;tag:h1|font_size:80|text_align:center|color:%23ffffff&#8221; use_theme_fonts=&#8221;yes&#8221;][\/vc_column][\/vc_row][vc_row type=&#8221;in_container&#8221; full_screen_row_position=&#8221;middle&#8221; column_margin=&#8221;60px&#8221; column_direction=&#8221;default&#8221; column_direction_tablet=&#8221;default&#8221; column_direction_phone=&#8221;default&#8221; scene_position=&#8221;center&#8221; top_padding=&#8221;5%&#8221; bottom_padding=&#8221;5%&#8221; top_padding_tablet=&#8221;8%&#8221; constrain_group_3=&#8221;yes&#8221; bottom_padding_tablet=&#8221;8%&#8221; top_padding_phone=&#8221;10%&#8221; constrain_group_5=&#8221;yes&#8221; bottom_padding_phone=&#8221;10%&#8221; text_color=&#8221;dark&#8221; text_align=&#8221;left&#8221; row_border_radius=&#8221;none&#8221; row_border_radius_applies=&#8221;bg&#8221; overflow=&#8221;visible&#8221; overlay_strength=&#8221;0.3&#8243; gradient_direction=&#8221;left_to_right&#8221; shape_divider_position=&#8221;bottom&#8221; bg_image_animation=&#8221;none&#8221; gradient_type=&#8221;default&#8221; shape_type=&#8221;&#8221;][vc_column column_padding=&#8221;padding-3-percent&#8221; column_padding_tablet=&#8221;inherit&#8221; column_padding_phone=&#8221;inherit&#8221; column_padding_position=&#8221;left&#8221; column_element_direction_desktop=&#8221;default&#8221; column_element_spacing=&#8221;default&#8221; desktop_text_alignment=&#8221;default&#8221; tablet_text_alignment=&#8221;default&#8221; phone_text_alignment=&#8221;default&#8221; background_color_opacity=&#8221;1&#8243; background_hover_color_opacity=&#8221;1&#8243; column_backdrop_filter=&#8221;none&#8221; column_shadow=&#8221;none&#8221; column_border_radius=&#8221;none&#8221; column_link_target=&#8221;_self&#8221; max_width_desktop=&#8221;900&#8243; column_position=&#8221;default&#8221; gradient_direction=&#8221;left_to_right&#8221; overlay_strength=&#8221;0.3&#8243; width=&#8221;2\/3&#8243; tablet_width_inherit=&#8221;default&#8221; animation_type=&#8221;default&#8221; bg_image_animation=&#8221;none&#8221; border_type=&#8221;simple&#8221; column_border_width=&#8221;none&#8221; column_border_style=&#8221;solid&#8221; column_padding_type=&#8221;default&#8221; gradient_type=&#8221;default&#8221;][vc_custom_heading text=&#8221;Urheiluhalli palvelee laajaa kohderyhm\u00e4\u00e4&#8221; font_container=&#8221;tag:h3|text_align:left&#8221; use_theme_fonts=&#8221;yes&#8221;][divider line_type=&#8221;No Line&#8221; custom_height=&#8221;10&#8243;][vc_column_text]Urheiluhalli vastaa kooltaan t\u00e4ysimittaista koripallokentt\u00e4\u00e4 ja t\u00e4m\u00e4 valoisa ja ilmava tila soveltuu pallourheiluun, v\u00e4linevoimisteluun sek\u00e4 ryhm\u00e4harjoitteluun.<\/p>\n<p>Hallia k\u00e4ytet\u00e4\u00e4n terveys- ja hyvinvointialan koulutuksissa, mutta sit\u00e4 vuokrataan my\u00f6s ulkopuolisille tahoille. Hallia voi <strong>ainoastaan<\/strong> varata toistuviin, pidempiaikaisiin tarpeisiin. Kaikki varusteet sis\u00e4ltyv\u00e4t vuokraan, mutta hallissa on mahdollista s\u00e4ilytt\u00e4\u00e4 my\u00f6s omia v\u00e4lineit\u00e4. Hallissa on my\u00f6s AV-j\u00e4rjestelm\u00e4.<\/p>\n<p><strong>Kyselyt vuokrauksesta ja hinnoista osoitteeseen info@arcadanova.fi.<\/strong>[\/vc_column_text][divider line_type=&#8221;No Line&#8221; custom_height=&#8221;10&#8243;][nectar_cta btn_style=&#8221;material&#8221; heading_tag=&#8221;h4&#8243; text_color=&#8221;#4cb56b&#8221; link_type=&#8221;regular&#8221; alignment=&#8221;left&#8221; alignment_tablet=&#8221;default&#8221; alignment_phone=&#8221;default&#8221; display=&#8221;block&#8221; display_tablet=&#8221;inherit&#8221; display_phone=&#8221;inherit&#8221; text=&#8221;Onko sinulla kysytt\u00e4v\u00e4\u00e4?&#8221; link_text=&#8221;Ota yhteytt\u00e4!&#8221; url=&#8221;\/fi\/yhteystiedot&#8221;][\/vc_column][vc_column column_padding=&#8221;no-extra-padding&#8221; column_padding_tablet=&#8221;inherit&#8221; column_padding_phone=&#8221;inherit&#8221; column_padding_position=&#8221;all&#8221; column_element_direction_desktop=&#8221;default&#8221; column_element_spacing=&#8221;default&#8221; desktop_text_alignment=&#8221;default&#8221; tablet_text_alignment=&#8221;default&#8221; phone_text_alignment=&#8221;default&#8221; background_color_opacity=&#8221;1&#8243; background_hover_color_opacity=&#8221;1&#8243; column_backdrop_filter=&#8221;none&#8221; column_shadow=&#8221;none&#8221; column_border_radius=&#8221;none&#8221; column_link_target=&#8221;_self&#8221; column_position=&#8221;default&#8221; gradient_direction=&#8221;left_to_right&#8221; overlay_strength=&#8221;0.3&#8243; width=&#8221;1\/3&#8243; tablet_width_inherit=&#8221;default&#8221; animation_type=&#8221;parallax&#8221; animation_movement_type=&#8221;transform_x&#8221; column_parallax_intensity=&#8221;0.5&#8243; bg_image_animation=&#8221;none&#8221; border_type=&#8221;simple&#8221; column_border_width=&#8221;none&#8221; column_border_style=&#8221;solid&#8221; column_padding_type=&#8221;default&#8221; gradient_type=&#8221;default&#8221;][vc_row_inner column_margin=&#8221;default&#8221; column_direction=&#8221;default&#8221; column_direction_tablet=&#8221;default&#8221; column_direction_phone=&#8221;default&#8221; text_align=&#8221;left&#8221; row_position=&#8221;default&#8221; row_position_tablet=&#8221;inherit&#8221; row_position_phone=&#8221;inherit&#8221; overflow=&#8221;visible&#8221; pointer_events=&#8221;all&#8221;][vc_column_inner column_padding=&#8221;padding-5-percent&#8221; column_padding_tablet=&#8221;inherit&#8221; column_padding_phone=&#8221;inherit&#8221; column_padding_position=&#8221;all&#8221; column_element_direction_desktop=&#8221;default&#8221; column_element_spacing=&#8221;default&#8221; desktop_text_alignment=&#8221;default&#8221; tablet_text_alignment=&#8221;default&#8221; phone_text_alignment=&#8221;default&#8221; background_color=&#8221;#4cb56b&#8221; background_color_opacity=&#8221;1&#8243; background_hover_color_opacity=&#8221;1&#8243; column_backdrop_filter=&#8221;none&#8221; font_color=&#8221;#ffffff&#8221; column_shadow=&#8221;none&#8221; column_border_radius=&#8221;10px&#8221; column_link_target=&#8221;_self&#8221; overflow=&#8221;visible&#8221; gradient_direction=&#8221;left_to_right&#8221; overlay_strength=&#8221;0.3&#8243; width=&#8221;1\/1&#8243; tablet_width_inherit=&#8221;default&#8221; animation_type=&#8221;default&#8221; bg_image_animation=&#8221;none&#8221; border_type=&#8221;simple&#8221; column_border_width=&#8221;none&#8221; column_border_style=&#8221;solid&#8221; column_padding_type=&#8221;default&#8221; gradient_type=&#8221;default&#8221;][vc_column_text]Hallissa on v\u00e4lineet muun muassa seuraaviin urheilulajeihin:[\/vc_column_text]<div class=\"nectar-fancy-ul\" data-list-icon=\"icon-salient-check\" data-animation=\"false\" data-animation-delay=\"0\" data-color=\"extra-color-2\" data-spacing=\"10px\" data-alignment=\"left\"> \n<ul>\n<li>Koripallo<\/li>\n<li>K\u00e4sipallo<\/li>\n<li>Salibandy<\/li>\n<li>Sulkapallo<\/li>\n<li>Lentopallo<\/li>\n<li>V\u00e4linevoimistelu<\/li>\n<li>Ryhm\u00e4harjoittelu<\/li>\n<\/ul>\n <\/div>[\/vc_column_inner][\/vc_row_inner][\/vc_column][\/vc_row]\n","protected":false},"excerpt":{"rendered":"<p>[vc_row type=&#8221;full_width_background&#8221; full_screen_row_position=&#8221;middle&#8221; column_margin=&#8221;default&#8221; column_direction=&#8221;default&#8221; column_direction_tablet=&#8221;default&#8221; column_direction_phone=&#8221;default&#8221; bg_color=&#8221;#dbf0e1&#8243; bg_image=&#8221;5859&#8243; bg_position=&#8221;center center&#8221; background_image_loading=&#8221;default&#8221; bg_repeat=&#8221;no-repeat&#8221; scene_position=&#8221;center&#8221; top_padding=&#8221;15%&#8221; bottom_padding=&#8221;10%&#8221; bottom_padding_tablet=&#8221;15%&#8221; bottom_padding_phone=&#8221;20%&#8221; text_color=&#8221;dark&#8221; text_align=&#8221;left&#8221; row_border_radius=&#8221;none&#8221; row_border_radius_applies=&#8221;bg&#8221; overflow=&#8221;visible&#8221; advanced_gradient=&#8221;radial-gradient(circle at center, rgba(0,0,0,0.4) 19%, rgba(0,0,0,0.277) 83%)&#8221;&#8230;<\/p>\n","protected":false},"author":1,"featured_media":0,"parent":6222,"menu_order":0,"comment_status":"closed","ping_status":"closed","template":"","meta":{"footnotes":""},"class_list":["post-6229","page","type-page","status-publish"],"yoast_head":"<!-- This site is optimized with the Yoast SEO plugin v27.4 - https:\/\/yoast.com\/product\/yoast-seo-wordpress\/ -->\n<title>Pallokentt\u00e4 \/ voimistelusali | Arcadahallen<\/title>\n<meta name=\"robots\" content=\"index, follow, max-snippet:-1, max-image-preview:large, max-video-preview:-1\" \/>\n<link rel=\"canonical\" href=\"https:\/\/arcadahallen.fi\/fi\/palvelut\/pallokentta-voimistelusali\" \/>\n<meta property=\"og:locale\" content=\"fi_FI\" \/>\n<meta property=\"og:type\" content=\"article\" \/>\n<meta property=\"og:title\" content=\"Pallokentt\u00e4 \/ voimistelusali | Arcadahallen\" \/>\n<meta property=\"og:description\" content=\"[vc_row type=&#8221;full_width_background&#8221; full_screen_row_position=&#8221;middle&#8221; column_margin=&#8221;default&#8221; column_direction=&#8221;default&#8221; column_direction_tablet=&#8221;default&#8221; column_direction_phone=&#8221;default&#8221; bg_color=&#8221;#dbf0e1&#8243; bg_image=&#8221;5859&#8243; bg_position=&#8221;center center&#8221; background_image_loading=&#8221;default&#8221; bg_repeat=&#8221;no-repeat&#8221; scene_position=&#8221;center&#8221; top_padding=&#8221;15%&#8221; bottom_padding=&#8221;10%&#8221; bottom_padding_tablet=&#8221;15%&#8221; bottom_padding_phone=&#8221;20%&#8221; text_color=&#8221;dark&#8221; text_align=&#8221;left&#8221; row_border_radius=&#8221;none&#8221; row_border_radius_applies=&#8221;bg&#8221; overflow=&#8221;visible&#8221; advanced_gradient=&#8221;radial-gradient(circle at center, rgba(0,0,0,0.4) 19%, rgba(0,0,0,0.277) 83%)&#8221;...\" \/>\n<meta property=\"og:url\" content=\"https:\/\/arcadahallen.fi\/fi\/palvelut\/pallokentta-voimistelusali\" \/>\n<meta property=\"og:site_name\" content=\"Arcadahallen\" \/>\n<meta property=\"article:modified_time\" content=\"2023-02-27T07:59:41+00:00\" \/>\n<meta name=\"twitter:card\" content=\"summary_large_image\" \/>\n<meta name=\"twitter:label1\" content=\"Arvioitu lukuaika\" \/>\n\t<meta name=\"twitter:data1\" content=\"4 minuuttia\" \/>\n<script type=\"application\/ld+json\" class=\"yoast-schema-graph\">{\"@context\":\"https:\\\/\\\/schema.org\",\"@graph\":[{\"@type\":\"WebPage\",\"@id\":\"https:\\\/\\\/arcadahallen.fi\\\/fi\\\/palvelut\\\/pallokentta-voimistelusali\",\"url\":\"https:\\\/\\\/arcadahallen.fi\\\/fi\\\/palvelut\\\/pallokentta-voimistelusali\",\"name\":\"Pallokentt\u00e4 \\\/ voimistelusali | Arcadahallen\",\"isPartOf\":{\"@id\":\"https:\\\/\\\/arcadahallen.fi\\\/en\\\/#website\"},\"datePublished\":\"2022-11-24T10:42:44+00:00\",\"dateModified\":\"2023-02-27T07:59:41+00:00\",\"breadcrumb\":{\"@id\":\"https:\\\/\\\/arcadahallen.fi\\\/fi\\\/palvelut\\\/pallokentta-voimistelusali#breadcrumb\"},\"inLanguage\":\"fi\",\"potentialAction\":[{\"@type\":\"ReadAction\",\"target\":[\"https:\\\/\\\/arcadahallen.fi\\\/fi\\\/palvelut\\\/pallokentta-voimistelusali\"]}]},{\"@type\":\"BreadcrumbList\",\"@id\":\"https:\\\/\\\/arcadahallen.fi\\\/fi\\\/palvelut\\\/pallokentta-voimistelusali#breadcrumb\",\"itemListElement\":[{\"@type\":\"ListItem\",\"position\":1,\"name\":\"Hem\",\"item\":\"https:\\\/\\\/arcadahallen.fi\\\/fi\\\/etusivu\"},{\"@type\":\"ListItem\",\"position\":2,\"name\":\"Palvelut\",\"item\":\"https:\\\/\\\/arcadahallen.fi\\\/fi\\\/palvelut\"},{\"@type\":\"ListItem\",\"position\":3,\"name\":\"Pallokentt\u00e4 \\\/ voimistelusali\"}]},{\"@type\":\"WebSite\",\"@id\":\"https:\\\/\\\/arcadahallen.fi\\\/en\\\/#website\",\"url\":\"https:\\\/\\\/arcadahallen.fi\\\/en\\\/\",\"name\":\"Arcadahallen\",\"description\":\"\",\"publisher\":{\"@id\":\"https:\\\/\\\/arcadahallen.fi\\\/en\\\/#organization\"},\"potentialAction\":[{\"@type\":\"SearchAction\",\"target\":{\"@type\":\"EntryPoint\",\"urlTemplate\":\"https:\\\/\\\/arcadahallen.fi\\\/en\\\/?s={search_term_string}\"},\"query-input\":{\"@type\":\"PropertyValueSpecification\",\"valueRequired\":true,\"valueName\":\"search_term_string\"}}],\"inLanguage\":\"fi\"},{\"@type\":\"Organization\",\"@id\":\"https:\\\/\\\/arcadahallen.fi\\\/en\\\/#organization\",\"name\":\"Arcadahallen\",\"url\":\"https:\\\/\\\/arcadahallen.fi\\\/en\\\/\",\"logo\":{\"@type\":\"ImageObject\",\"inLanguage\":\"fi\",\"@id\":\"https:\\\/\\\/arcadahallen.fi\\\/en\\\/#\\\/schema\\\/logo\\\/image\\\/\",\"url\":\"https:\\\/\\\/arcadahallen.fi\\\/wp-content\\\/uploads\\\/2023\\\/02\\\/Arcadahallen_logo_1000px.png\",\"contentUrl\":\"https:\\\/\\\/arcadahallen.fi\\\/wp-content\\\/uploads\\\/2023\\\/02\\\/Arcadahallen_logo_1000px.png\",\"width\":1000,\"height\":1000,\"caption\":\"Arcadahallen\"},\"image\":{\"@id\":\"https:\\\/\\\/arcadahallen.fi\\\/en\\\/#\\\/schema\\\/logo\\\/image\\\/\"}}]}<\/script>\n<!-- \/ Yoast SEO plugin. -->","yoast_head_json":{"title":"Pallokentt\u00e4 \/ voimistelusali | Arcadahallen","robots":{"index":"index","follow":"follow","max-snippet":"max-snippet:-1","max-image-preview":"max-image-preview:large","max-video-preview":"max-video-preview:-1"},"canonical":"https:\/\/arcadahallen.fi\/fi\/palvelut\/pallokentta-voimistelusali","og_locale":"fi_FI","og_type":"article","og_title":"Pallokentt\u00e4 \/ voimistelusali | Arcadahallen","og_description":"[vc_row type=&#8221;full_width_background&#8221; full_screen_row_position=&#8221;middle&#8221; column_margin=&#8221;default&#8221; column_direction=&#8221;default&#8221; column_direction_tablet=&#8221;default&#8221; column_direction_phone=&#8221;default&#8221; bg_color=&#8221;#dbf0e1&#8243; bg_image=&#8221;5859&#8243; bg_position=&#8221;center center&#8221; background_image_loading=&#8221;default&#8221; bg_repeat=&#8221;no-repeat&#8221; scene_position=&#8221;center&#8221; top_padding=&#8221;15%&#8221; bottom_padding=&#8221;10%&#8221; bottom_padding_tablet=&#8221;15%&#8221; bottom_padding_phone=&#8221;20%&#8221; text_color=&#8221;dark&#8221; text_align=&#8221;left&#8221; row_border_radius=&#8221;none&#8221; row_border_radius_applies=&#8221;bg&#8221; overflow=&#8221;visible&#8221; advanced_gradient=&#8221;radial-gradient(circle at center, rgba(0,0,0,0.4) 19%, rgba(0,0,0,0.277) 83%)&#8221;...","og_url":"https:\/\/arcadahallen.fi\/fi\/palvelut\/pallokentta-voimistelusali","og_site_name":"Arcadahallen","article_modified_time":"2023-02-27T07:59:41+00:00","twitter_card":"summary_large_image","twitter_misc":{"Arvioitu lukuaika":"4 minuuttia"},"schema":{"@context":"https:\/\/schema.org","@graph":[{"@type":"WebPage","@id":"https:\/\/arcadahallen.fi\/fi\/palvelut\/pallokentta-voimistelusali","url":"https:\/\/arcadahallen.fi\/fi\/palvelut\/pallokentta-voimistelusali","name":"Pallokentt\u00e4 \/ voimistelusali | Arcadahallen","isPartOf":{"@id":"https:\/\/arcadahallen.fi\/en\/#website"},"datePublished":"2022-11-24T10:42:44+00:00","dateModified":"2023-02-27T07:59:41+00:00","breadcrumb":{"@id":"https:\/\/arcadahallen.fi\/fi\/palvelut\/pallokentta-voimistelusali#breadcrumb"},"inLanguage":"fi","potentialAction":[{"@type":"ReadAction","target":["https:\/\/arcadahallen.fi\/fi\/palvelut\/pallokentta-voimistelusali"]}]},{"@type":"BreadcrumbList","@id":"https:\/\/arcadahallen.fi\/fi\/palvelut\/pallokentta-voimistelusali#breadcrumb","itemListElement":[{"@type":"ListItem","position":1,"name":"Hem","item":"https:\/\/arcadahallen.fi\/fi\/etusivu"},{"@type":"ListItem","position":2,"name":"Palvelut","item":"https:\/\/arcadahallen.fi\/fi\/palvelut"},{"@type":"ListItem","position":3,"name":"Pallokentt\u00e4 \/ voimistelusali"}]},{"@type":"WebSite","@id":"https:\/\/arcadahallen.fi\/en\/#website","url":"https:\/\/arcadahallen.fi\/en\/","name":"Arcadahallen","description":"","publisher":{"@id":"https:\/\/arcadahallen.fi\/en\/#organization"},"potentialAction":[{"@type":"SearchAction","target":{"@type":"EntryPoint","urlTemplate":"https:\/\/arcadahallen.fi\/en\/?s={search_term_string}"},"query-input":{"@type":"PropertyValueSpecification","valueRequired":true,"valueName":"search_term_string"}}],"inLanguage":"fi"},{"@type":"Organization","@id":"https:\/\/arcadahallen.fi\/en\/#organization","name":"Arcadahallen","url":"https:\/\/arcadahallen.fi\/en\/","logo":{"@type":"ImageObject","inLanguage":"fi","@id":"https:\/\/arcadahallen.fi\/en\/#\/schema\/logo\/image\/","url":"https:\/\/arcadahallen.fi\/wp-content\/uploads\/2023\/02\/Arcadahallen_logo_1000px.png","contentUrl":"https:\/\/arcadahallen.fi\/wp-content\/uploads\/2023\/02\/Arcadahallen_logo_1000px.png","width":1000,"height":1000,"caption":"Arcadahallen"},"image":{"@id":"https:\/\/arcadahallen.fi\/en\/#\/schema\/logo\/image\/"}}]}},"_links":{"self":[{"href":"https:\/\/arcadahallen.fi\/fi\/wp-json\/wp\/v2\/pages\/6229","targetHints":{"allow":["GET"]}}],"collection":[{"href":"https:\/\/arcadahallen.fi\/fi\/wp-json\/wp\/v2\/pages"}],"about":[{"href":"https:\/\/arcadahallen.fi\/fi\/wp-json\/wp\/v2\/types\/page"}],"author":[{"embeddable":true,"href":"https:\/\/arcadahallen.fi\/fi\/wp-json\/wp\/v2\/users\/1"}],"replies":[{"embeddable":true,"href":"https:\/\/arcadahallen.fi\/fi\/wp-json\/wp\/v2\/comments?post=6229"}],"version-history":[{"count":5,"href":"https:\/\/arcadahallen.fi\/fi\/wp-json\/wp\/v2\/pages\/6229\/revisions"}],"predecessor-version":[{"id":6481,"href":"https:\/\/arcadahallen.fi\/fi\/wp-json\/wp\/v2\/pages\/6229\/revisions\/6481"}],"up":[{"embeddable":true,"href":"https:\/\/arcadahallen.fi\/fi\/wp-json\/wp\/v2\/pages\/6222"}],"wp:attachment":[{"href":"https:\/\/arcadahallen.fi\/fi\/wp-json\/wp\/v2\/media?parent=6229"}],"curies":[{"name":"wp","href":"https:\/\/api.w.org\/{rel}","templated":true}]}}